{"id":99,"date":"2011-12-12T17:19:42","date_gmt":"2011-12-12T16:19:42","guid":{"rendered":"http:\/\/albertorios.eu\/?page_id=99"},"modified":"2013-05-03T12:17:06","modified_gmt":"2013-05-03T11:17:06","slug":"libros","status":"publish","type":"page","link":"https:\/\/albertorios.eu\/?page_id=99","title":{"rendered":"Libros"},"content":{"rendered":"<p><span style=\"color: #000000;\">\u00a0<\/span><\/p>\n<p><span style=\"color: #000000;\"><strong>2010<\/strong><\/span><\/p>\n<h4 style=\"text-align: justify;\"><span style=\"color: #000000;\"><em><strong>Certificaci\u00f3n Energ\u00e9tica de Edificios<\/strong><\/em><\/span><\/h4>\n<h4 style=\"text-align: justify;\"><span style=\"color: #000000;\">Alberto R\u00edos Villacorta, Esteban Dom\u00ednguez Gonz\u00e1lez-Seco<\/span><\/h4>\n<h4 style=\"text-align: justify;\"><span style=\"color: #000000;\"><strong>Ediciones Roble, S.L.<\/strong><\/span><\/h4>\n<h4 style=\"text-align: justify;\"><span style=\"color: #000000;\">ISBN 978-84-15137-84-9<\/span><\/h4>\n<h4 style=\"text-align: justify;\"><span style=\"color: #000000;\">Edici\u00f3n Sept. 2010<\/span><\/h4>\n<h4 style=\"text-align: justify;\"><span style=\"color: #000000;\"><strong><em><a href=\"http:\/\/www.todostuslibros.com\/libros\/certificacion-energetica-en-edificios_978-84-15137-84-9\"><span style=\"color: #000000;\">http:\/\/www.todostuslibros.com\/libros\/certificacion-energetica-en-edificios_978-84-15137-84-9<\/span><\/a><\/em><\/strong><\/span><\/h4>\n<p><span style=\"color: #000000;\">\u00a0<\/span><\/p>\n<h4 style=\"text-align: justify;\"><span style=\"color: #000000;\"><em><strong>Evaluaci\u00f3n de la Eficiencia Energ\u00e9tica en Instalaciones Energ\u00e9ticos de Edificios<\/strong><\/em><\/span><\/h4>\n<h4 style=\"text-align: justify;\"><span style=\"color: #000000;\">Alberto R\u00edos Villacorta, Esteban Dom\u00ednguez Gonz\u00e1lez-Seco<\/span><\/h4>\n<h4 style=\"text-align: justify;\"><span style=\"color: #000000;\"><strong>Ediciones Roble, S.L.<\/strong><\/span><\/h4>\n<h4 style=\"text-align: justify;\"><span style=\"color: #000000;\">ISBN 978-84-15137-85-6<\/span><\/h4>\n<h4 style=\"text-align: justify;\"><span style=\"color: #000000;\">Edici\u00f3n Sept. 2010<\/span><\/h4>\n<h4 style=\"text-align: justify;\"><span style=\"color: #000000;\"><strong><em><a href=\"http:\/\/www.todostuslibros.com\/libros\/evaluacion-de-la-eficiencia-energetica-de-las-instalaciones-en-edificios_978-84-15137-85-6\"><span style=\"color: #000000;\">http:\/\/www.todostuslibros.com\/libros\/evaluacion-de-la-eficiencia-energetica-de-las-instalaciones-en-edificios_978-84-15137-85-6<\/span><\/a><\/em><\/strong><\/span><\/h4>\n<p><span style=\"color: #000000;\">\u00a0<\/span><\/p>\n<h4><span style=\"color: #000000;\"><em><strong>Eficiencia en el Uso del Agua en Edificios<\/strong><\/em><\/span><\/h4>\n<h4><span style=\"color: #000000;\">Alberto R\u00edos Villacorta, Esteban Dom\u00ednguez Gonz\u00e1lez-Seco<\/span><\/h4>\n<h4><span style=\"color: #000000;\"><strong>Ediciones Roble, S.L.<\/strong><\/span><\/h4>\n<h4><span style=\"color: #000000;\">ISBN 978-84-15137-83-2<\/span><\/h4>\n<h4><span style=\"color: #000000;\">Edici\u00f3n Oct. 2010<\/span><\/h4>\n<h4><span style=\"color: #000000;\"><strong><em><a href=\"http:\/\/www.todostuslibros.com\/libros\/eficiencia-en-el-uso-del-agua-en-edificios_978-84-15137-83-2\"><span style=\"color: #000000;\">http:\/\/www.todostuslibros.com\/libros\/eficiencia-en-el-uso-del-agua-en-edificios_978-84-15137-83-2<\/span><\/a><\/em><\/strong><\/span><\/h4>\n<p><span style=\"color: #000000;\">\u00a0<\/span><\/p>\n<h4><span style=\"color: #000000;\"><em><strong>Proyectos de Instalaciones Solares Fotovoltaicas<\/strong><\/em><\/span><\/h4>\n<h4><span style=\"color: #000000;\">Alberto R\u00edos Villacorta,\u00a0<em>Maximiliano Poulsen Hornum<\/em><\/span><\/h4>\n<h4><span style=\"color: #000000;\"><strong>Ediciones Roble, S.L.<\/strong><\/span><\/h4>\n<h4><span style=\"color: #000000;\">ISBN 978-84-15137-80-1<\/span><\/h4>\n<h4><span style=\"color: #000000;\">Edici\u00f3n Oct. 2010<\/span><\/h4>\n<p><span style=\"color: #000000;\">\u00a0<\/span><\/p>\n<h4><span style=\"color: #000000;\"><em><strong>Organizaci\u00f3n y Control del Montaje de Instalaciones Fotovoltaicas<\/strong><\/em><\/span><\/h4>\n<h4><span style=\"color: #000000;\">Alberto R\u00edos Villacorta,\u00a0<em>Carlos Rom\u00f3n Salinas<\/em><\/span><\/h4>\n<h4><span style=\"color: #000000;\"><strong>Ediciones Roble, S.L.<\/strong><\/span><\/h4>\n<h4><span style=\"color: #000000;\">ISBN 978-84-15137-81-8<\/span><\/h4>\n<h4><span style=\"color: #000000;\">Edici\u00f3n Nov. 2010<\/span><\/h4>\n<p><span style=\"color: #000000;\">\u00a0<\/span><\/p>\n<h4><span style=\"color: #000000;\"><em><strong>Organizaci\u00f3n y Control del Mantenimiento de Instalaciones Fotovoltaicas<\/strong><\/em><\/span><\/h4>\n<h4><span style=\"color: #000000;\">Alberto R\u00edos Villacorta,\u00a0<em>Carlos Rom\u00f3n Salinas<\/em><\/span><\/h4>\n<h4><span style=\"color: #000000;\"><strong>Ediciones Roble, S.L.<\/strong><\/span><\/h4>\n<h4><span style=\"color: #000000;\">ISBN 978-84-15137-82-5<\/span><\/h4>\n<h4><span style=\"color: #000000;\">Edici\u00f3n Nov. 2010<\/span><\/h4>\n<p><span style=\"color: #000000;\">\u00a0<\/span><\/p>\n<p><span style=\"color: #000000;\"><strong>2011<\/strong><\/span><\/p>\n<h4><span style=\"color: #000000;\"><em><strong>Desarrollo y Gesti\u00f3n de Proyectos de Energ\u00edas Renovables<\/strong><\/em><\/span><\/h4>\n<h4><span style=\"color: #000000;\">Alberto R\u00edos Villacorta,\u00a0<em>Maximiliano Poulsen Hornum<\/em><\/span><\/h4>\n<h4><span style=\"color: #000000;\"><strong>Ediciones Roble, S.L.<\/strong><\/span><\/h4>\n<h4><span style=\"color: #000000;\">Edici\u00f3n Oct. 2011<\/span><\/h4>\n<p>&nbsp;<\/p>\n<p><span style=\"color: #000000;\"><strong>2013<\/strong><\/span><\/p>\n<h4><span style=\"color: #000000;\"><em><strong>Eficiencia Energ\u00e9tica en el Sector Primario<\/strong><\/em><\/span><\/h4>\n<h4><span style=\"color: #000000;\"><em>Alberto R\u00edos Villacorta<\/em><\/span><\/h4>\n<h4><span style=\"color: #000000;\"><strong>Ediciones Roble, S.L.<\/strong><\/span><\/h4>\n<h4><span style=\"color: #000000;\">Edici\u00f3n Abril 2013<\/span><\/h4>\n<p>&nbsp;<\/p>\n<!-- AddThis Advanced Settings generic via filter on the_content --><!-- AddThis Share Buttons generic via filter on the_content -->","protected":false},"excerpt":{"rendered":"<p>\u00a0 2010 Certificaci\u00f3n Energ\u00e9tica de Edificios Alberto R\u00edos Villacorta, Esteban Dom\u00ednguez Gonz\u00e1lez-Seco Ediciones Roble, S.L. ISBN 978-84-15137-84-9 Edici\u00f3n Sept. 2010 http:\/\/www.todostuslibros.com\/libros\/certificacion-energetica-en-edificios_978-84-15137-84-9 \u00a0 Evaluaci\u00f3n de la Eficiencia Energ\u00e9tica en Instalaciones Energ\u00e9ticos de Edificios Alberto R\u00edos Villacorta, Esteban Dom\u00ednguez Gonz\u00e1lez-Seco Ediciones Roble, &hellip; <a href=\"https:\/\/albertorios.eu\/?page_id=99\">Sigue leyendo <span class=\"meta-nav\">&rarr;<\/span><\/a><!-- AddThis Advanced Settings generic via filter on wp_trim_excerpt --><!-- AddThis Share Buttons generic via filter on wp_trim_excerpt --><\/p>\n","protected":false},"author":1,"featured_media":0,"parent":0,"menu_order":0,"comment_status":"closed","ping_status":"open","template":"","meta":{"footnotes":""},"class_list":["post-99","page","type-page","status-publish","hentry"],"_links":{"self":[{"href":"https:\/\/albertorios.eu\/index.php?rest_route=\/wp\/v2\/pages\/99","targetHints":{"allow":["GET"]}}],"collection":[{"href":"https:\/\/albertorios.eu\/index.php?rest_route=\/wp\/v2\/pages"}],"about":[{"href":"https:\/\/albertorios.eu\/index.php?rest_route=\/wp\/v2\/types\/page"}],"author":[{"embeddable":true,"href":"https:\/\/albertorios.eu\/index.php?rest_route=\/wp\/v2\/users\/1"}],"replies":[{"embeddable":true,"href":"https:\/\/albertorios.eu\/index.php?rest_route=%2Fwp%2Fv2%2Fcomments&post=99"}],"version-history":[{"count":32,"href":"https:\/\/albertorios.eu\/index.php?rest_route=\/wp\/v2\/pages\/99\/revisions"}],"predecessor-version":[{"id":101,"href":"https:\/\/albertorios.eu\/index.php?rest_route=\/wp\/v2\/pages\/99\/revisions\/101"}],"wp:attachment":[{"href":"https:\/\/albertorios.eu\/index.php?rest_route=%2Fwp%2Fv2%2Fmedia&parent=99"}],"curies":[{"name":"wp","href":"https:\/\/api.w.org\/{rel}","templated":true}]}}