{"id":56,"date":"2011-12-10T02:25:30","date_gmt":"2011-12-10T01:25:30","guid":{"rendered":"http:\/\/albertorios.eu\/?page_id=56"},"modified":"2021-11-30T02:39:36","modified_gmt":"2021-11-30T01:39:36","slug":"sobre-el-autor","status":"publish","type":"page","link":"https:\/\/albertorios.eu\/?page_id=56","title":{"rendered":"Sobre el Autor"},"content":{"rendered":"<p><a href=\"http:\/\/albertorios.eu\/?attachment_id=1453\" rel=\"attachment wp-att-1453\"><img loading=\"lazy\" decoding=\"async\" class=\"aligncenter size-full wp-image-1453\" title=\"DSCN1380\" src=\"http:\/\/albertorios.eu\/wp-content\/uploads\/2011\/12\/DSCN1380.jpg\" alt=\"\" width=\"2112\" height=\"2816\" srcset=\"https:\/\/albertorios.eu\/wp-content\/uploads\/2011\/12\/DSCN1380.jpg 2112w, https:\/\/albertorios.eu\/wp-content\/uploads\/2011\/12\/DSCN1380-225x300.jpg 225w, https:\/\/albertorios.eu\/wp-content\/uploads\/2011\/12\/DSCN1380-768x1024.jpg 768w\" sizes=\"auto, (max-width: 2112px) 100vw, 2112px\" \/><\/a><\/p>\n<p><span style=\"color: #000000;\"><strong>Experiencia Laboral<\/strong><\/span><\/p>\n<ul>\n<li style=\"list-style-type: none;\">\n<ul>\n<li style=\"text-align: justify;\">\n<div style=\"text-align: justify;\"><span style=\"color: #000000;\">Profesor Ayudante del Departamento de Ingenier\u00eda El\u00e9ctrica, Universidad Carlos III de Madrid, 1998-2001.<\/span><\/div>\n<div style=\"text-align: justify;\"><span style=\"color: #000000;\">\u00a0<\/span><\/div>\n<\/li>\n<\/ul>\n<\/li>\n<\/ul>\n<ul>\n<li style=\"list-style-type: none;\">\n<ul>\n<li style=\"text-align: justify;\">\n<div style=\"text-align: justify;\"><span style=\"color: #000000;\">Profesor Adjunto del Departamento de Ingenier\u00eda Electromec\u00e1nica, Universidad Europea de\u00a0Madrid, 2001-2014.<\/span><\/div>\n<div style=\"text-align: justify;\"><span style=\"color: #000000;\">\u00a0<\/span><\/div>\n<\/li>\n<\/ul>\n<\/li>\n<\/ul>\n<ul>\n<li style=\"list-style-type: none;\">\n<ul>\n<li style=\"text-align: justify;\">\n<div style=\"text-align: justify;\"><span style=\"color: #000000;\">Director T\u00e9cnico de Energy to Quality, Laboratorio de Ensayos de Turbinas E\u00f3licas y Simulaciones de Parques\u00a0E\u00f3licos, 2005-2006.<\/span><\/div>\n<div style=\"text-align: justify;\"><span style=\"color: #000000;\">\u00a0<\/span><\/div>\n<\/li>\n<\/ul>\n<\/li>\n<\/ul>\n<ul>\n<li style=\"list-style-type: none;\">\n<ul>\n<li style=\"text-align: justify;\">\n<div style=\"text-align: justify;\"><span style=\"color: #000000;\">Director del Master\u00a0Oficial en Energ\u00edas Renovables, Universidad Europea de Madrid, 2007-2011.<\/span><\/div>\n<div style=\"text-align: justify;\"><span style=\"color: #000000;\">\u00a0<\/span><\/div>\n<\/li>\n<\/ul>\n<\/li>\n<\/ul>\n<ul>\n<li style=\"text-align: justify;\">\n<div style=\"text-align: justify;\"><span style=\"color: #000000;\">Profesor Internacional de la Maestr\u00eda y Diplomado Internacional\u00a0en Gesti\u00f3n de la Energ\u00eda de la Universidad ESAN, Lima, Per\u00fa. 2010 &#8211; actualidad.<\/span><\/div>\n<div style=\"text-align: justify;\"><span style=\"color: #000000;\">\u00a0<\/span><\/div>\n<\/li>\n<li>\n<div style=\"text-align: justify;\"><span style=\"color: #000000;\">Profesor Internacional del Diplomado Internacional\u00a0en Energ\u00edas Renovables de la Universidad ESAN, Lima, Per\u00fa, 2011 &#8211; actualidad.<\/span><\/div>\n<\/li>\n<\/ul>\n<ul>\n<li><span style=\"color: #000000;\">Profesor Visitante de la Universidad Peruana de Ciencias Aplicadas, Lima, Per\u00fa, 2012 &#8211; actualidad.<\/span><\/li>\n<\/ul>\n<ul>\n<li><span style=\"color: #000000;\">Profesor Internacional del Doctorado en Ciencias con Menci\u00f3n en Energ\u00e9tica, Universidad Nacional de Ingenier\u00eda, Lima, Per\u00fa, 2015 &#8211; actualidad.<\/span><\/li>\n<\/ul>\n<ul>\n<li>\n<div style=\"text-align: justify;\"><span style=\"color: #000000;\">Investigador Prometeo, Universidad T\u00e9cnica de Ambato, Tungurahua, Ecuador, 2014-2016.<\/span><\/div>\n<\/li>\n<\/ul>\n<ul>\n<li>\n<div style=\"text-align: justify;\"><span style=\"color: #000000;\">Profesor Titular Principal, Universidad T\u00e9cnica de Ambato, Tungurahua, Ecuador, desde 2017.<\/span><\/div>\n<\/li>\n<\/ul>\n<p style=\"text-align: justify;\"><span style=\"color: #000000;\"><strong>Formaci\u00f3n Acad\u00e9mica<\/strong><\/span><\/p>\n<ul>\n<li>\n<div style=\"text-align: justify;\"><span style=\"color: #000000;\">Ingeniero El\u00e9ctrico, Especialidad de Sistemas y Redes El\u00e9ctricas, Instituto Polit\u00e9cnico de Bielorrusia, 1993.<\/span><\/div>\n<\/li>\n<\/ul>\n<ul>\n<li><span style=\"color: #000000;\">Master of Science en Ingenier\u00eda, Instituto Polit\u00e9cnico de Bielorrusia, 1993.<\/span><\/li>\n<\/ul>\n<ul>\n<li>\n<div style=\"text-align: justify;\"><span style=\"color: #000000;\">Master en Energ\u00edas Renovables, Universidad Europea de Madrid, 2004.<\/span><\/div>\n<div style=\"text-align: justify;\"><span style=\"color: #000000;\">\u00a0<\/span><\/div>\n<\/li>\n<li>\n<div style=\"text-align: justify;\"><span style=\"color: #000000;\">Doctor en Ingenier\u00eda El\u00e9ctrica, Universidad Carlos III de Madrid, 2007.<\/span><\/div>\n<\/li>\n<\/ul>\n<p style=\"text-align: justify;\"><a href=\"http:\/\/albertorios.eu\/?attachment_id=1186\" rel=\"attachment wp-att-1186\"><img loading=\"lazy\" decoding=\"async\" class=\"aligncenter size-full wp-image-1186\" title=\"DSCN1397\" src=\"http:\/\/albertorios.eu\/wp-content\/uploads\/2011\/12\/DSCN1397.jpg\" alt=\"\" width=\"2816\" height=\"2112\" srcset=\"https:\/\/albertorios.eu\/wp-content\/uploads\/2011\/12\/DSCN1397.jpg 2816w, https:\/\/albertorios.eu\/wp-content\/uploads\/2011\/12\/DSCN1397-300x225.jpg 300w, https:\/\/albertorios.eu\/wp-content\/uploads\/2011\/12\/DSCN1397-1024x768.jpg 1024w, https:\/\/albertorios.eu\/wp-content\/uploads\/2011\/12\/DSCN1397-400x300.jpg 400w\" sizes=\"auto, (max-width: 2816px) 100vw, 2816px\" \/><\/a>correo electr\u00f3nico: <a href=\"mailto:alrios13@hotmail.com\">alrios13@hotmail.com<\/a><\/p>\n<p style=\"text-align: justify;\"><span style=\"color: #0000ff;\"><a href=\"https:\/\/www.youtube.com\/watch?v=MYt3aQPG6-0\"><span style=\"color: #0000ff;\">Entrevista de la Agencia Peruana de Noticias<\/span><\/a><\/span><\/p>\n<p><iframe loading=\"lazy\" title=\"Per\u00fa sera gran generador de energ\u00eda e\u00f3lica en Am\u00e9rica\" width=\"584\" height=\"438\" src=\"https:\/\/www.youtube.com\/embed\/MYt3aQPG6-0?feature=oembed\" frameborder=\"0\" allow=\"accelerometer; autoplay; clipboard-write; encrypted-media; gyroscope; picture-in-picture; web-share\" referrerpolicy=\"strict-origin-when-cross-origin\" allowfullscreen><\/iframe><\/p>\n<p style=\"text-align: justify;\"><span style=\"color: #000080;\"><a style=\"color: #000080;\" href=\"https:\/\/my.laureate.net\/Faculty\/webinars\/Pages\/ColapsodeCivilizaciones.aspx?pflg=3082#\">Webinar \u00abColapso de Civilizaciones\u00bb, 22 de Noviembre del 2012<\/a><\/span><\/p>\n<p style=\"text-align: justify;\"><span style=\"color: #000080;\"><a style=\"color: #000080;\" href=\"http:\/\/mediateca.uniovi.es\/visor2\/-\/journal_content\/56_INSTANCE_iV9s\/10910\/86752\">Ciclo de Conferencias Abiertas: \u00abPresente y Futuro de las Energ\u00edas Renovables\u00bb<\/a><\/span><\/p>\n<p style=\"text-align: justify;\"><span style=\"color: #000080;\">Conferencia Magistral, \u00abLas Tecnolog\u00edas RER en el Horizonte El\u00e9ctrico Peruano\u00bb, Per\u00fa Energ\u00eda, 25 de Febrero del 2015.<\/span><\/p>\n<p><iframe loading=\"lazy\" title=\"Conferencia: &quot;Las tecnolog\u00edas RER en el horizonte el\u00e9ctrico peruano&quot;\" width=\"584\" height=\"329\" src=\"https:\/\/www.youtube.com\/embed\/lJRsWpQ11Ow?feature=oembed\" frameborder=\"0\" allow=\"accelerometer; autoplay; clipboard-write; encrypted-media; gyroscope; picture-in-picture; web-share\" referrerpolicy=\"strict-origin-when-cross-origin\" allowfullscreen><\/iframe><\/p>\n<p style=\"text-align: justify;\"><span style=\"color: #000080;\"><a style=\"color: #000080;\" href=\"https:\/\/www.youtube.com\/watch?v=Pc6xSoMGj2o\" target=\"_blank\" rel=\"nofollow noopener noreferrer\">Webinar Expertosenred: Dise\u00f1o y Dimensionado de Electrolineras Aislada, 28 de Noviembre del 2016<\/a><\/span><\/p>\n<p><iframe loading=\"lazy\" title=\"Expertosenred: Dise\u00f1o y Dimensionado de Electrolineras Aisladas\" width=\"584\" height=\"438\" src=\"https:\/\/www.youtube.com\/embed\/Pc6xSoMGj2o?feature=oembed\" frameborder=\"0\" allow=\"accelerometer; autoplay; clipboard-write; encrypted-media; gyroscope; picture-in-picture; web-share\" referrerpolicy=\"strict-origin-when-cross-origin\" allowfullscreen><\/iframe><\/p>\n<p style=\"text-align: justify;\"><span style=\"color: #000080;\"><a style=\"color: #000080;\" href=\"https:\/\/www.youtube.com\/watch?time_continue=161&amp;v=XvcwSB96c4U\">I Simposio de Energ\u00edas Renovables de la Universidad de Piura, Lima, Per\u00fa, 20 de Julio del 2017<\/a>.<\/span><\/p>\n<p><iframe loading=\"lazy\" title=\"I Simposio de Energ\u00edas Renovables\" width=\"584\" height=\"329\" src=\"https:\/\/www.youtube.com\/embed\/XvcwSB96c4U?feature=oembed\" frameborder=\"0\" allow=\"accelerometer; autoplay; clipboard-write; encrypted-media; gyroscope; picture-in-picture; web-share\" referrerpolicy=\"strict-origin-when-cross-origin\" allowfullscreen><\/iframe><\/p>\n<p style=\"text-align: justify;\"><span style=\"color: #000080;\"><a style=\"color: #000080;\" href=\"https:\/\/www.facebook.com\/PERUDAR\/videos\/1873114516141163\/\">Dialogo de Expertos sobre la Propuesta de Nueva Ley de Hidrocarburos, 23 de Octubre de 2018<\/a><\/span><\/p>\n<p>https:\/\/www.facebook.com\/PERUDAR\/videos\/1873114516141163\/<\/p>\n<p><span style=\"color: #000080;\"><a style=\"color: #000080;\" href=\"https:\/\/atainsights.com\/es\/materiales-del-webinar-como-promover-y-construir-fotovoltaica-con-almacenamiento\/\">International Webinar: C\u00f3mo Promover y Construir Fotovoltaica con Almacenamiento, 22 de Noviembre de 2018<\/a><\/span><\/p>\n<p><iframe loading=\"lazy\" title=\"C\u00f3mo promover y construir fotovoltaica con almacenamiento\" width=\"584\" height=\"438\" src=\"https:\/\/www.youtube.com\/embed\/iEHbk66wMYU?feature=oembed\" frameborder=\"0\" allow=\"accelerometer; autoplay; clipboard-write; encrypted-media; gyroscope; picture-in-picture; web-share\" referrerpolicy=\"strict-origin-when-cross-origin\" allowfullscreen><\/iframe><\/p>\n<p><iframe loading=\"lazy\" title=\"EL PROBLEMA DEL GAS EN PER\u00da\" width=\"584\" height=\"329\" src=\"https:\/\/www.youtube.com\/embed\/m-cPEyfBlM4?feature=oembed\" frameborder=\"0\" allow=\"accelerometer; autoplay; clipboard-write; encrypted-media; gyroscope; picture-in-picture; web-share\" referrerpolicy=\"strict-origin-when-cross-origin\" allowfullscreen><\/iframe><\/p>\n<p style=\"text-align: justify;\"><a href=\"http:\/\/albertorios.eu\/wp-content\/uploads\/DSCN2794.jpg\"><img loading=\"lazy\" decoding=\"async\" class=\"aligncenter size-full wp-image-1984\" src=\"http:\/\/albertorios.eu\/wp-content\/uploads\/DSCN2794.jpg\" alt=\"DSCN2794\" width=\"2816\" height=\"2112\" srcset=\"https:\/\/albertorios.eu\/wp-content\/uploads\/DSCN2794.jpg 2816w, https:\/\/albertorios.eu\/wp-content\/uploads\/DSCN2794-300x225.jpg 300w, https:\/\/albertorios.eu\/wp-content\/uploads\/DSCN2794-1024x768.jpg 1024w, https:\/\/albertorios.eu\/wp-content\/uploads\/DSCN2794-400x300.jpg 400w\" sizes=\"auto, (max-width: 2816px) 100vw, 2816px\" \/><\/a><\/p>\n<!-- AddThis Advanced Settings generic via filter on the_content --><!-- AddThis Share Buttons generic via filter on the_content -->","protected":false},"excerpt":{"rendered":"<p>Experiencia Laboral Profesor Ayudante del Departamento de Ingenier\u00eda El\u00e9ctrica, Universidad Carlos III de Madrid, 1998-2001. \u00a0 Profesor Adjunto del Departamento de Ingenier\u00eda Electromec\u00e1nica, Universidad Europea de\u00a0Madrid, 2001-2014. \u00a0 Director T\u00e9cnico de Energy to Quality, Laboratorio de Ensayos de Turbinas E\u00f3licas &hellip; <a href=\"https:\/\/albertorios.eu\/?page_id=56\">Sigue leyendo <span class=\"meta-nav\">&rarr;<\/span><\/a><!-- AddThis Advanced Settings generic via filter on wp_trim_excerpt --><!-- AddThis Share Buttons generic via filter on wp_trim_excerpt --><\/p>\n","protected":false},"author":1,"featured_media":0,"parent":0,"menu_order":0,"comment_status":"open","ping_status":"open","template":"","meta":{"footnotes":""},"class_list":["post-56","page","type-page","status-publish","hentry"],"_links":{"self":[{"href":"https:\/\/albertorios.eu\/index.php?rest_route=\/wp\/v2\/pages\/56","targetHints":{"allow":["GET"]}}],"collection":[{"href":"https:\/\/albertorios.eu\/index.php?rest_route=\/wp\/v2\/pages"}],"about":[{"href":"https:\/\/albertorios.eu\/index.php?rest_route=\/wp\/v2\/types\/page"}],"author":[{"embeddable":true,"href":"https:\/\/albertorios.eu\/index.php?rest_route=\/wp\/v2\/users\/1"}],"replies":[{"embeddable":true,"href":"https:\/\/albertorios.eu\/index.php?rest_route=%2Fwp%2Fv2%2Fcomments&post=56"}],"version-history":[{"count":89,"href":"https:\/\/albertorios.eu\/index.php?rest_route=\/wp\/v2\/pages\/56\/revisions"}],"predecessor-version":[{"id":3188,"href":"https:\/\/albertorios.eu\/index.php?rest_route=\/wp\/v2\/pages\/56\/revisions\/3188"}],"wp:attachment":[{"href":"https:\/\/albertorios.eu\/index.php?rest_route=%2Fwp%2Fv2%2Fmedia&parent=56"}],"curies":[{"name":"wp","href":"https:\/\/api.w.org\/{rel}","templated":true}]}}