{"id":207,"date":"2012-01-13T14:02:18","date_gmt":"2012-01-13T13:02:18","guid":{"rendered":"http:\/\/albertorios.eu\/?page_id=207"},"modified":"2013-03-01T18:46:54","modified_gmt":"2013-03-01T17:46:54","slug":"proyectos-actuales","status":"publish","type":"page","link":"https:\/\/albertorios.eu\/?page_id=207","title":{"rendered":"Proyectos Actuales"},"content":{"rendered":"<p>&nbsp;<\/p>\n<ul>\n<li><span style=\"color: #000000;\">Impacto de la Recarga de Veh\u00edculos El\u00e9ctricos en la Operaci\u00f3n del Sistema El\u00e9ctrico<\/span><\/li>\n<\/ul>\n<ul>\n<li style=\"text-align: justify;\"><span style=\"color: #000000;\">Herramienta de Simulaci\u00f3n de Veh\u00edculos de Emisiones Cero<\/span><\/li>\n<\/ul>\n<ul>\n<li style=\"text-align: justify;\"><span style=\"color: #000000;\">An\u00e1lisis Multicriterial de la Viabilidad de Proyectos Renovables<\/span><\/li>\n<\/ul>\n<ul>\n<li><span style=\"color: #000000;\">Evaluaci\u00f3n\u00a0Energ\u00e9tica de un Edificio Bioclim\u00e1tico de Emisiones Cero<\/span><\/li>\n<\/ul>\n<ul>\n<li><span style=\"color: #000000;\">An\u00e1lisis de la Participaci\u00f3n de Parques E\u00f3licos en los Servicios Complementarios<\/span><\/li>\n<\/ul>\n<ul>\n<li><span style=\"color: #000000;\">An\u00e1lisis Comparativo de Sistemas Renovables para el Suministro de ACS y Climatizaci\u00f3n de un Hotel en Burgos, Espa\u00f1a<\/span><\/li>\n<\/ul>\n<ul>\n<li><span style=\"color: #000000;\">Estudio de la Viabilidad Econ\u00f3mica de un Proyecto Fotovoltaico en Condiciones de Selva Amaz\u00f3nica en la Regi\u00f3n de Loreto, Per\u00fa<\/span><\/li>\n<\/ul>\n<ul>\n<li><span style=\"color: #000000;\">Estudios de Integraci\u00f3n de Sistemas de Generaci\u00f3n y Acumulaci\u00f3n Distribuidos en Redes Inteligentes<\/span><\/li>\n<\/ul>\n<ul>\n<li><span style=\"color: #000000;\">Impacto de la Gesti\u00f3n del Mantenimiento en la Producci\u00f3n de Energ\u00eda E\u00f3lica<\/span><\/li>\n<\/ul>\n<div><\/div>\n<div><span style=\"color: #000000;\"><br \/>\n<\/span><\/div>\n<div><span style=\"color: #000000;\"><br \/>\n<\/span><\/div>\n<!-- AddThis Advanced Settings generic via filter on the_content --><!-- AddThis Share Buttons generic via filter on the_content -->","protected":false},"excerpt":{"rendered":"<p>&nbsp; Impacto de la Recarga de Veh\u00edculos El\u00e9ctricos en la Operaci\u00f3n del Sistema El\u00e9ctrico Herramienta de Simulaci\u00f3n de Veh\u00edculos de Emisiones Cero An\u00e1lisis Multicriterial de la Viabilidad de Proyectos Renovables Evaluaci\u00f3n\u00a0Energ\u00e9tica de un Edificio Bioclim\u00e1tico de Emisiones Cero An\u00e1lisis de &hellip; <a href=\"https:\/\/albertorios.eu\/?page_id=207\">Sigue leyendo <span class=\"meta-nav\">&rarr;<\/span><\/a><!-- AddThis Advanced Settings generic via filter on wp_trim_excerpt --><!-- AddThis Share Buttons generic via filter on wp_trim_excerpt --><\/p>\n","protected":false},"author":1,"featured_media":0,"parent":0,"menu_order":0,"comment_status":"closed","ping_status":"open","template":"","meta":{"footnotes":""},"class_list":["post-207","page","type-page","status-publish","hentry"],"_links":{"self":[{"href":"https:\/\/albertorios.eu\/index.php?rest_route=\/wp\/v2\/pages\/207","targetHints":{"allow":["GET"]}}],"collection":[{"href":"https:\/\/albertorios.eu\/index.php?rest_route=\/wp\/v2\/pages"}],"about":[{"href":"https:\/\/albertorios.eu\/index.php?rest_route=\/wp\/v2\/types\/page"}],"author":[{"embeddable":true,"href":"https:\/\/albertorios.eu\/index.php?rest_route=\/wp\/v2\/users\/1"}],"replies":[{"embeddable":true,"href":"https:\/\/albertorios.eu\/index.php?rest_route=%2Fwp%2Fv2%2Fcomments&post=207"}],"version-history":[{"count":24,"href":"https:\/\/albertorios.eu\/index.php?rest_route=\/wp\/v2\/pages\/207\/revisions"}],"predecessor-version":[{"id":210,"href":"https:\/\/albertorios.eu\/index.php?rest_route=\/wp\/v2\/pages\/207\/revisions\/210"}],"wp:attachment":[{"href":"https:\/\/albertorios.eu\/index.php?rest_route=%2Fwp%2Fv2%2Fmedia&parent=207"}],"curies":[{"name":"wp","href":"https:\/\/api.w.org\/{rel}","templated":true}]}}