{"id":200,"date":"2012-01-13T13:54:22","date_gmt":"2012-01-13T12:54:22","guid":{"rendered":"http:\/\/albertorios.eu\/?page_id=200"},"modified":"2017-12-10T19:50:43","modified_gmt":"2017-12-10T18:50:43","slug":"menciones","status":"publish","type":"page","link":"https:\/\/albertorios.eu\/?page_id=200","title":{"rendered":"Menciones"},"content":{"rendered":"<p>&nbsp;<\/p>\n<p style=\"text-align: justify;\"><span style=\"color: #000000;\"><strong>1987<\/strong><\/span><\/p>\n<ul>\n<li style=\"text-align: justify;\"><span style=\"color: #000000;\">Beca para la realizaci\u00f3n de <strong>Estudios Superiores<\/strong> otorgada por el <strong>Gobierno de la Uni\u00f3n Sovi\u00e9tica<\/strong>. Beca obtenida en un Concurso Nacional de M\u00e9ritos para la realizaci\u00f3n de estudios superiores en el extranjero, organizado por el Instituto Nacional de Becas, <strong>INABEC<\/strong>. Lima, Per\u00fa, Agosto de 1987.<\/span><\/li>\n<\/ul>\n<div style=\"text-align: justify;\">\n<p><span style=\"color: #000000;\"><strong>1988<\/strong><\/span><\/p>\n<ul>\n<li><span style=\"color: #000000;\"><strong>Diploma de Honor<\/strong> por los excelentes resultados acad\u00e9micos obtenidos en la <strong>Facultad Preparatoria para Alumnos Extranjeros<\/strong>, otorgado por la <strong>Universidad Estatal de Bielorrusia<\/strong>. Minsk, Bielorrusia, Junio de 1988.<\/span><\/li>\n<\/ul>\n<div>\n<p><span style=\"color: #000000;\"><strong>1993<\/strong><\/span><\/p>\n<ul>\n<li><span style=\"color: #000000;\">Tesis para la obtenci\u00f3n del Titulo de Ingeniero El\u00e9ctrico: <strong>\u00abAn\u00e1lisis de los Reg\u00edmenes de Funcionamiento de las L\u00edneas Compactas Regulables de Transmisi\u00f3n El\u00e9ctrica\u00bb<\/strong>, presentado y defendido en el <strong>Instituto Polit\u00e9cnico de Bielorrusia<\/strong>, Minsk, Bielorrusia, Junio de 1993.<\/span><\/li>\n<\/ul>\n<\/div>\n<div>\n<p><span style=\"color: #000000;\"><strong>2003<\/strong><\/span><\/p>\n<ul>\n<li><span style=\"color: #000000;\">Beca para la realizaci\u00f3n del\u00a0<strong>M\u00e1ster en Energ\u00edas Renovables<\/strong>\u00a0otorgada la <strong>Universidad Europea de Madrid<\/strong>. Madrid, Espa\u00f1a, Octubre de 2003.<\/span><\/li>\n<\/ul>\n<div>\n<p><span style=\"color: #000000;\"><strong>2004<\/strong><\/span><\/p>\n<ul>\n<li><span style=\"color: #000000;\">Tesis para la obtenci\u00f3n del Titulo de M\u00e1ster en Energ\u00edas Renovables:\u00a0<strong>\u00abIntegraci\u00f3n de Energ\u00edas Renovables en una Central Desalinizadora\u00bb<\/strong>, presentado y defendido en la\u00a0<strong>Universidad Europea de Madrid<\/strong>, Villaviciosa de Od\u00f3n, Madrid, Espa\u00f1a, Septiembre de 2004.<\/span><\/li>\n<\/ul>\n<\/div>\n<\/div>\n<\/div>\n<p><span style=\"color: #000000;\"><strong>2007<\/strong><\/span><\/p>\n<ul>\n<li style=\"text-align: justify;\"><span style=\"color: #000000;\">Tesis para la obtenci\u00f3n del Titulo de Dr. Ingeniero Industrial:\u00a0<strong>\u00abContinuidad de Suministro de Parques E\u00f3licos ante Huecos de Tensi\u00f3n\u00bb<\/strong>, presentado y defendido en la\u00a0<strong>Universidad Carlos III de Madrid<\/strong>, Legan\u00e9s, Madrid, Espa\u00f1a, Noviembre del 2007.<\/span><\/li>\n<\/ul>\n<ul>\n<li style=\"text-align: justify;\"><span style=\"color: #000000;\">Director del <em><strong>Master Universitario en Energ\u00edas Renovables<\/strong><\/em> de la Universidad Europea de Madrid. Octubre de 2007-Febrero de 2011.<\/span><\/li>\n<\/ul>\n<p style=\"text-align: justify;\"><span style=\"color: #000000;\"><strong>2008<\/strong><\/span><\/p>\n<div style=\"text-align: justify;\"><span style=\"color: #000000;\">\u00a0<\/span><\/div>\n<ul>\n<li style=\"text-align: justify;\"><span style=\"color: #000000;\">Organizador de las Primeras Jornadas de <strong><em>\u201cEnerg\u00edas Renovables y Eficiencia Energ\u00e9tica\u201d<\/em><\/strong>. Universidad Europea de Madrid, Madrid, Espa\u00f1a, Junio de 2008.<\/span><\/li>\n<\/ul>\n<p style=\"text-align: justify;\"><span style=\"color: #000000;\"><strong>2009<\/strong><\/span><\/p>\n<div style=\"text-align: justify;\"><span style=\"color: #000000;\">\u00a0<\/span><\/div>\n<ul>\n<li style=\"text-align: justify;\"><span style=\"color: #000000;\">Organizador de las Segundas Jornadas de <strong><em>\u201cEnerg\u00edas Renovables y Eficiencia Energ\u00e9tica\u201d<\/em><\/strong>. Universidad Europea de Madrid, Madrid, Espa\u00f1a, Abril de 2009.<\/span><\/li>\n<\/ul>\n<ul>\n<li style=\"text-align: justify;\"><span style=\"font-size: small; color: #000000;\">Reconocimiento en <strong>Honor al Merito<\/strong> por su destacado ejercicio profesional al servicio de la Ingenier\u00eda, otorgado por el Colegio de Ingenieros del Per\u00fa, Agosto de 2009. <\/span><\/li>\n<\/ul>\n<ul>\n<li style=\"text-align: justify;\"><span style=\"color: #000000;\">Ganador del <em><strong>Premio de EDP University Challenge Madrid 2009<\/strong><\/em> con el trabajo <em>\u201c<strong>Estudio Comparativo del Sistema de Transmisi\u00f3n de Parques E\u00f3licos Offshore\u00bb<\/strong><\/em>, Madrid, Espa\u00f1a, Octubre de 2009.<\/span><\/li>\n<\/ul>\n<p style=\"text-align: justify;\"><span style=\"color: #000000;\"><strong>2010<\/strong><\/span><\/p>\n<ul>\n<li style=\"text-align: justify;\"><span style=\"color: #000000;\">Organizador de las Primeras Jornadas de <em>\u201c<strong>Ahorro y Eficiencia Energ\u00e9tica<\/strong>\u201d.<\/em> Universidad Europea de Madrid, Madrid, Espa\u00f1a, Marzo de 2010.<\/span><\/li>\n<\/ul>\n<ul>\n<li style=\"text-align: justify;\"><span style=\"color: #000000;\">Finalista del <em><strong>Premio de EDP University Challenge Madrid, Espa\u00f1a 2010<\/strong><\/em>, Noviembre de 2010, con los proyectos:<\/span><\/li>\n<\/ul>\n<ol>\n<li style=\"text-align: justify;\"><span style=\"color: #000000;\"><em><strong>\u00a0\u201cIntegraci\u00f3n de Sistemas de Generaci\u00f3n Renovables en una isla de \u00c1frica\u00bb<\/strong><\/em><\/span><\/li>\n<li>\n<p style=\"text-align: justify;\"><span style=\"color: #000000;\"><em><strong>\u201cSistema de Generaci\u00f3n E\u00f3lico Offshore\/Solar Fotovoltaico de Concentraci\u00f3n con un Sistema de Acumulaci\u00f3n de Hidr\u00f3geno\u00bb<\/strong><\/em><\/span><\/p>\n<\/li>\n<\/ol>\n<p style=\"text-align: justify;\"><span style=\"color: #000000;\"><strong><strong>2011<\/strong><\/strong><\/span><\/p>\n<ul style=\"text-align: justify;\">\n<li><span style=\"color: #000000;\"><em><strong>Menci\u00f3n Especial en el I Premio Eolo de Innovaci\u00f3n 2011<\/strong><\/em> de la Asociaci\u00f3n Empresarial E\u00f3lica con el estudio: <em><strong>\u201cContinuidad de Suministro de Parques E\u00f3licos ante Huecos de Tensi\u00f3n\u00bb<\/strong><\/em>, Madrid, Espa\u00f1a, Mayo de 2011.<strong>\u00a0<\/strong><\/span><\/li>\n<\/ul>\n<ul>\n<li style=\"text-align: justify;\"><span style=\"color: #000000;\"><span style=\"text-align: justify;\">Finalista del <\/span><em style=\"color: #000000; text-align: justify;\"><strong>Premio de EDP University Challenge Madrid, Espa\u00f1a 2011<\/strong><\/em><span style=\"text-align: justify;\">, Octubre de 2011, con el proyecto:<\/span><strong style=\"color: #000000; text-align: justify;\"><em>\u00a0\u201cSistema de Generaci\u00f3n H\u00edbrido Solar Fotovoltaico-E\u00f3lico con Almacenamiento \u00a0de Hidr\u00f3geno en la Rep\u00fablica Dominicana\u201d<\/em>.<\/strong><\/span><\/li>\n<\/ul>\n<div style=\"text-align: justify;\">\n<ul>\n<li><span style=\"color: #000000;\">Organizador de las Jornadas Iberoamericanas:\u00a0<em><strong>\u201cIntegraci\u00f3n en Red de Parques E\u00f3licos: Aspectos T\u00e9cnicos y Regulatorios\u201d<\/strong><\/em>, impartido dentro del\u00a0<strong><em>Programa de Acciones para el Desarrollo de Energ\u00eda E\u00f3lica en Latinoam\u00e9rica\u00a0<strong><em>\u00a0(Red Tem\u00e1tica ADEEL)\u00a0<\/em><\/strong>auspiciado por el CYTED y el CONCYTEC<\/em><\/strong>, en\u00a0Lima, Per\u00fa del 10 al 12 de Octubre del 2011.<\/span><\/li>\n<\/ul>\n<\/div>\n<p style=\"text-align: justify;\"><span style=\"color: #000000;\"><strong>2012<\/strong><\/span><\/p>\n<ul>\n<li style=\"text-align: justify;\"><span style=\"color: #000000;\"><em><strong>Estancia de Larga Duraci\u00f3n<\/strong><\/em>\u00a0en la <em><strong>Universidad Peruana de Ciencias Aplicadas, UPC<\/strong><\/em>, Lima, Per\u00fa, Junio a Setiembre de 2012.<strong>\u00a0<\/strong><\/span><\/li>\n<\/ul>\n<div style=\"text-align: justify;\">\n<p><span style=\"color: #000000;\"><strong>2013<\/strong><\/span><\/p>\n<ul>\n<li><span style=\"color: #000000;\"><em><strong>Estancia de Corta Duraci\u00f3n<\/strong><\/em>\u00a0en la\u00a0<em><strong>Universidad Peruana de Ciencias Aplicadas, UPC<\/strong><\/em>, Lima, Per\u00fa, Julio de 2013.<strong>\u00a0<\/strong><\/span><\/li>\n<\/ul>\n<ul>\n<li><span style=\"color: #000000;\"><strong>Beca Prometeo<\/strong> de <strong>Estancia Post-Doctoral<\/strong>\u00a0en la <strong>Universidad T\u00e9cnica de Ambato<\/strong>. Beca obtenida en un Concurso de M\u00e9ritos organizado por la\u00a0Secretar\u00eda Nacional de Educaci\u00f3n Superior, Ciencia, Tecnolog\u00eda e Innovaci\u00f3n, <strong>SENESCYT<\/strong>. Quito, Ecuador, Noviembre 2013.<\/span><\/li>\n<\/ul>\n<p><span style=\"color: #000000;\"><strong>2015<\/strong><\/span><\/p>\n<ul>\n<li><span style=\"color: #000000;\"><strong>Beca Prometeo<\/strong> de <strong>Estancia Post-Doctoral<\/strong>\u00a0en la <strong>Universidad T\u00e9cnica de Ambato<\/strong>. Beca obtenida en un Concurso de M\u00e9ritos organizado por la\u00a0Secretar\u00eda Nacional de Educaci\u00f3n Superior, Ciencia, Tecnolog\u00eda e Innovaci\u00f3n, <strong>SENESCYT<\/strong>. Quito, Ecuador, Septiembre 2015.<\/span><\/li>\n<\/ul>\n<p><span style=\"color: #000000;\"><strong><br \/>\n<\/strong><\/span><\/p>\n<\/div>\n<!-- AddThis Advanced Settings generic via filter on the_content --><!-- AddThis Share Buttons generic via filter on the_content -->","protected":false},"excerpt":{"rendered":"<p>&nbsp; 1987 Beca para la realizaci\u00f3n de Estudios Superiores otorgada por el Gobierno de la Uni\u00f3n Sovi\u00e9tica. Beca obtenida en un Concurso Nacional de M\u00e9ritos para la realizaci\u00f3n de estudios superiores en el extranjero, organizado por el Instituto Nacional de &hellip; <a href=\"https:\/\/albertorios.eu\/?page_id=200\">Sigue leyendo <span class=\"meta-nav\">&rarr;<\/span><\/a><!-- AddThis Advanced Settings generic via filter on wp_trim_excerpt --><!-- AddThis Share Buttons generic via filter on wp_trim_excerpt --><\/p>\n","protected":false},"author":1,"featured_media":0,"parent":0,"menu_order":0,"comment_status":"closed","ping_status":"open","template":"","meta":{"footnotes":""},"class_list":["post-200","page","type-page","status-publish","hentry"],"_links":{"self":[{"href":"https:\/\/albertorios.eu\/index.php?rest_route=\/wp\/v2\/pages\/200","targetHints":{"allow":["GET"]}}],"collection":[{"href":"https:\/\/albertorios.eu\/index.php?rest_route=\/wp\/v2\/pages"}],"about":[{"href":"https:\/\/albertorios.eu\/index.php?rest_route=\/wp\/v2\/types\/page"}],"author":[{"embeddable":true,"href":"https:\/\/albertorios.eu\/index.php?rest_route=\/wp\/v2\/users\/1"}],"replies":[{"embeddable":true,"href":"https:\/\/albertorios.eu\/index.php?rest_route=%2Fwp%2Fv2%2Fcomments&post=200"}],"version-history":[{"count":34,"href":"https:\/\/albertorios.eu\/index.php?rest_route=\/wp\/v2\/pages\/200\/revisions"}],"predecessor-version":[{"id":2540,"href":"https:\/\/albertorios.eu\/index.php?rest_route=\/wp\/v2\/pages\/200\/revisions\/2540"}],"wp:attachment":[{"href":"https:\/\/albertorios.eu\/index.php?rest_route=%2Fwp%2Fv2%2Fmedia&parent=200"}],"curies":[{"name":"wp","href":"https:\/\/api.w.org\/{rel}","templated":true}]}}