{"id":2,"date":"2011-12-10T01:09:49","date_gmt":"2011-12-10T00:09:49","guid":{"rendered":"http:\/\/albertorios.eu\/?page_id=2"},"modified":"2021-10-09T20:15:55","modified_gmt":"2021-10-09T19:15:55","slug":"sample-page","status":"publish","type":"page","link":"https:\/\/albertorios.eu\/?page_id=2","title":{"rendered":"Investigaci\u00f3n"},"content":{"rendered":"<p><span style=\"color: #000000;\">\u00a0<\/span><\/p>\n<p><span style=\"color: #000000;\"><strong>2004<\/strong><\/span><\/p>\n<p style=\"text-align: justify;\"><span style=\"color: #000000;\">Proyecto Nacional de Investigaci\u00f3n y Desarrollo 2004 &#8211; 2007<strong>: <\/strong><strong><em>\u201cIntegraci\u00f3n de Sistemas de Generaci\u00f3n Distribuida no Programable en la Red El\u00e9ctrica Espa\u00f1ola (Aplicaci\u00f3n al Caso de los Parques E\u00f3licos)\u201d<\/em><\/strong> aprobado y financiado por el Ministerio de Ciencia y Tecnolog\u00eda, Madrid, Espa\u00f1a, Noviembre 2004.<\/span><\/p>\n<p style=\"text-align: justify;\"><span style=\"color: #000000;\"><strong>2008<\/strong><\/span><\/p>\n<p style=\"text-align: justify;\"><span style=\"color: #000000;\">Proyecto Nacional de Investigaci\u00f3n y Desarrollo 2008 &#8211; 2011<strong>: <\/strong><strong><em>\u201cMaximizaci\u00f3n de la Energ\u00eda E\u00f3lica Integrable mediante la Participaci\u00f3n en los Servicios Complementarios de la Red y Contribuci\u00f3n a la Estabilidad Din\u00e1mica\u201d<\/em><\/strong> aprobado y financiado por el Ministerio de Ciencia y Tecnolog\u00eda, Madrid, Espa\u00f1a, Enero 2008.<\/span><\/p>\n<p style=\"text-align: justify;\"><span style=\"color: #000000;\">Proyecto de Investigaci\u00f3n y Desarrollo 2008 &#8211; 2011<strong>:<em>\u00a0<\/em><\/strong><strong><em>\u201cAcciones para el Desarrollo de la Energ\u00eda E\u00f3lica en Latinoam\u00e9rica &#8211; ADEEL\u201d<\/em><\/strong>\u00a0aprobado y financiado por el Programa Iberoamericano de Ciencia y Tecnolog\u00eda para el Desarrollo,\u00a0CYTED, Madrid, Espa\u00f1a, Enero 2008.<\/span><\/p>\n<p style=\"text-align: justify;\"><span style=\"color: #000000;\"><strong>2009<\/strong><\/span><\/p>\n<p style=\"text-align: justify;\"><span style=\"color: #000000;\">Proyecto T\u00e9cnico<strong>: <\/strong><strong><em>\u201c<\/em><\/strong><strong><em>Establecimiento de R\u00e9gimen Tarifario de la Energ\u00eda El\u00e9ctrica proveniente de los Recursos Energ\u00e9ticos Renovables y Elaboraci\u00f3n de los Criterios T\u00e9cnicos de Conexi\u00f3n de Parques E\u00f3licos al Sistema El\u00e9ctrico Interconectado Nacional, SEIN\u201d<\/em><\/strong> contratado por el Organismo Superior de la Inversi\u00f3n en Energ\u00eda y Minas, OSINERGMIN, Ministerio de Energ\u00eda y Minas, Lima, Per\u00fa, Noviembre 2009.<\/span><\/p>\n<p style=\"text-align: justify;\"><span style=\"color: #000000;\"><strong>2010<\/strong><\/span><\/p>\n<p style=\"text-align: justify;\"><span style=\"color: #000000;\">Proyecto T\u00e9cnico<strong>: <\/strong><strong><em>\u201c<\/em><em>Elaboraci\u00f3n del Procedimiento T\u00e9cnico de Evaluaci\u00f3n, Verificaci\u00f3n, Validaci\u00f3n y Certificaci\u00f3n de los Requisitos T\u00e9cnicos M\u00ednimos para Garantizar la Continuidad de Suministro ante Huecos de Tensi\u00f3n de las Instalaciones El\u00e9ctricas conectadas al Sistema El\u00e9ctrico Interconectado Nacional, SEIN\u201d<\/em><\/strong> contratado por el Organismo Superior de la Inversi\u00f3n en Energ\u00eda y Minas, Ministerio de Energ\u00eda y Minas, OSINERGMIN, Lima, Per\u00fa, Septiembre 2010.<\/span><\/p>\n<p style=\"text-align: justify;\"><span style=\"color: #000000;\">Proyecto T\u00e9cnico<strong>: <\/strong><strong><em>\u201c<\/em><em>Elaboraci\u00f3n del Procedimiento T\u00e9cnico de Supervisi\u00f3n y Fiscalizaci\u00f3n de la Integraci\u00f3n T\u00e9cnica y Econ\u00f3mica de los Sistemas Renovables de Generaci\u00f3n El\u00e9ctrica en el \u00a0Sistema El\u00e9ctrico Interconectado Nacional, SEIN\u201d<\/em><\/strong> contratado por el Organismo Superior de la Inversi\u00f3n en Energ\u00eda y Minas, OSINERGMIN,\u00a0Ministerio de Energ\u00eda y Minas, Lima, Per\u00fa, Septiembre 2010.<\/span><\/p>\n<p style=\"text-align: justify;\"><span style=\"color: #000000;\">Proyecto T\u00e9cnico<strong>: <\/strong><strong><em>\u201c<\/em><em>Elaboraci\u00f3n del Procedimiento T\u00e9cnico de Evaluaci\u00f3n, Verificaci\u00f3n y Certificaci\u00f3n del Cumplimiento de los Requerimientos T\u00e9cnicos de Operaci\u00f3n y Control de las Instalaciones E\u00f3licas en Estado Normal de Funcionamiento y en Estado de Emergencia en el \u00a0Sistema El\u00e9ctrico Interconectado Nacional, SEIN\u201d<\/em><\/strong> contratado por el Organismo Superior de la Inversi\u00f3n en Energ\u00eda y Minas, OSINERGMIN,\u00a0Ministerio de Energ\u00eda y Minas, Lima, Per\u00fa, Octubre 2010.<\/span><\/p>\n<p style=\"text-align: justify;\"><span style=\"color: #000000;\"><strong>2011<\/strong><\/span><\/p>\n<p style=\"text-align: justify;\"><span style=\"color: #000000;\">Proyecto T\u00e9cnico<strong>: <\/strong><strong><em>\u201c<\/em><em>Elaboraci\u00f3n del Procedimiento T\u00e9cnico de Supervisi\u00f3n y Fiscalizaci\u00f3n de las Instalaciones Renovables de Generaci\u00f3n El\u00e9ctrica\u201d<\/em><\/strong> contratado por el Organismo Superior de la Inversi\u00f3n en Energ\u00eda y Minas, OSINERGMIN,\u00a0Ministerio de Energ\u00eda y Minas, Lima, Per\u00fa, Febrero 2011.<\/span><\/p>\n<p><span style=\"color: #000000;\"><strong>2013<\/strong><\/span><\/p>\n<p style=\"text-align: justify;\"><span style=\"color: #000000;\">Proyecto de Investigaci\u00f3n \u00a02013 &#8211; 2015<strong>:<em>\u00a0<\/em><\/strong><strong><em>\u201cEstudio de Viabilidad T\u00e9cnica y Econ\u00f3mica de la Integraci\u00f3n de Energ\u00edas Renovables en la Provincia de Tungurahua\u201d<\/em><\/strong>\u00a0aprobado y financiado por la Secretaria Nacional de Educaci\u00f3n Superior, Ciencia, Tecnolog\u00eda e Investigaci\u00f3n, \u00a0SENESCYT, Quito, Ecuador, Noviembre 2013.<\/span><\/p>\n<p><span style=\"color: #000000;\"><strong>2014<\/strong><\/span><\/p>\n<p style=\"text-align: justify;\"><span style=\"color: #000000;\">Proyecto T\u00e9cnico<strong>:<em>\u00a0<\/em><\/strong><strong><em>\u201c<\/em><em>Elaboraci\u00f3n del Procedimiento T\u00e9cnico de Determinaci\u00f3n de la Potencia Firme de Instalaciones E\u00f3licas\u201d<\/em><\/strong>\u00a0contratado por el Direcci\u00f3n General de Electricidad, Vice Ministerio de Energ\u00eda, Ministerio de Energ\u00eda y Minas, Lima, Per\u00fa,\u00a0 Enero 2014.<\/span><\/p>\n<p style=\"text-align: justify;\"><span style=\"color: #000000;\">Proyecto Nacional de Investigaci\u00f3n, Desarrollo e Innovaci\u00f3n 2014 &#8211; 2017<strong>: <\/strong><strong><em>\u201cIntegraci\u00f3n de Energ\u00eda E\u00f3lica Marina en el Sistema El\u00e9ctrico Espa\u00f1ol mediante Enlaces de Corriente Continua Multiterminal\u201d<\/em><\/strong> aprobado y financiado por el Ministerio de Econom\u00eda y Competitividad, Madrid, Espa\u00f1o, Mayo 2014.<\/span><\/p>\n<p style=\"text-align: justify;\"><span style=\"color: #000000;\">Proyecto de Investigaci\u00f3n 2014-2015<strong style=\"font-weight: bold;\">:<em style=\"font-weight: inherit; font-style: italic; color: inherit;\">\u00a0<\/em><\/strong><strong style=\"font-weight: bold;\"><em style=\"font-weight: inherit; font-style: italic; color: inherit;\">\u201cDise\u00f1o e Instalaci\u00f3n de un Sistema Remoto de Monitoreo, Evaluaci\u00f3n y An\u00e1lisis del Comportamiento de las Instalaciones Fotovoltaicas en el Ecuador<\/em><em style=\"font-weight: inherit; font-style: italic; color: inherit;\">\u201d<\/em><\/strong>. Propuesta de investigaci\u00f3n aprobada por el Consorcio Ecuatoriano para el Desarrollo de Internet Avanzado, Ecuador, Agosto 2014.<\/span><\/p>\n<p style=\"text-align: justify;\"><span style=\"color: #000000;\">Proyecto Interno de Investigaci\u00f3n 2014-2015<strong style=\"font-weight: bold;\">:<em style=\"font-weight: inherit; font-style: italic; color: inherit;\">\u00a0<\/em><\/strong><strong style=\"font-weight: bold;\"><em style=\"font-weight: inherit; font-style: italic; color: inherit;\">\u201cDise\u00f1o e Implementaci\u00f3n de un Sistema Monitoreo Remoto para\u00a0las Instalaciones Fotovoltaicas Aisladas de las Comunidades Amaz\u00f3nicas del\u00a0Ecuador<\/em><em style=\"font-weight: inherit; font-style: italic; color: inherit;\">\u201d.<\/em><\/strong> Propuesta de investigaci\u00f3n aprobada por\u00a0la Direcci\u00f3n de Investigaci\u00f3n y Desarrollo de la Universidad T\u00e9cnica de Ambato, Ecuador, Diciembre 2014.<\/span><\/p>\n<p><span style=\"color: #000000;\"><strong>2015<\/strong><\/span><\/p>\n<p style=\"text-align: justify;\"><span style=\"color: #000000;\">Proyecto T\u00e9cnico<strong>:<em>\u00a0<\/em><\/strong><strong><em>\u201c<\/em><em>An\u00e1lisis Comparativo de Escenarios e Indicadores para la Elaboraci\u00f3n de una Plataforma de Evaluaci\u00f3n de la Seguridad y Sostenibilidad del Sistema Energ\u00e9tico Peruano\u201d<\/em><\/strong>, contratado por la Divisi\u00f3n de Proyectos y Estudios, FISEI, Organismo Superior de la Inversi\u00f3n en Energ\u00eda y Minas, OSINERGMIN,\u00a0Ministerio de Energ\u00eda y Minas, Lima, Per\u00fa,\u00a0 Junio 2015.<br \/><\/span><\/p>\n<p style=\"text-align: justify;\"><span style=\"color: #000000;\">Proyecto de Investigaci\u00f3n \u00a02015 &#8211; 2016<strong>:<em>\u00a0<\/em><\/strong><strong><em>\u201cEvaluaci\u00f3n T\u00e9cnico-Econ\u00f3mica y Medioambiental de la Integraci\u00f3n de Energ\u00edas Renovables y T\u00e9cnica de Dise\u00f1o y Gesti\u00f3n Eficientes en Sistemas de Edificaci\u00f3n y Transporte Sostenibles, Aplicaci\u00f3n Pr\u00e1ctica a la Ciudad de Ambato\u201d<\/em><\/strong>\u00a0aprobado y financiado por la Secretaria Nacional de Educaci\u00f3n Superior, Ciencia, Tecnolog\u00eda e Investigaci\u00f3n, \u00a0SENESCYT, Quito, Ecuador, Agosto 2015.<\/span><\/p>\n<p style=\"text-align: justify;\"><span style=\"color: #000000;\">Asesor\u00eda T\u00e9cnica<strong>:<em>\u00a0<\/em><\/strong><strong><em>\u201c<\/em><em>Lineamientos Generales para la Elaboraci\u00f3n de una Estrategia Energ\u00e9tica Sostenible en el Per\u00fa\u201d<\/em><\/strong>\u00a0contratado por la Organizaci\u00f3n International Rivers, California, Estados Unidos de Am\u00e9rica,\u00a0 Septiembre 2015.<\/span><\/p>\n<p style=\"text-align: justify;\"><span style=\"color: #000000;\">Proyecto T\u00e9cnico<strong>:<em>\u00a0<\/em><\/strong><strong><em>\u201c<\/em><em>Elaboraci\u00f3n de los Alcances y Objetivos de la Implementaci\u00f3n de un Modelo de Prospectiva Energ\u00e9tica, basado en el An\u00e1lisis Comparativo de Escenarios e Indicadores e Integrada en una Plataforma Informatizada de Evaluaci\u00f3n de la Seguridad y Sostenibilidad del Sistema Energ\u00e9tico Peruano\u201d<\/em><\/strong>, contratado por la Divisi\u00f3n de Proyectos y Estudios, FISEI, Organismo Superior de la Inversi\u00f3n en Energ\u00eda y Minas, OSINERGMIN,\u00a0Ministerio de Energ\u00eda y Minas, Lima, Per\u00fa,\u00a0 Diciembre 2015.<\/span><\/p>\n<p style=\"text-align: justify;\"><span style=\"color: #000000;\">Proyecto de Investigaci\u00f3n \u00a02015 &#8211; 2017<strong>:<em>\u00a0<\/em><\/strong><strong><em>\u201cPlataforma CloudIoT de Control y Monitoreo del Uso de Equipamiento y Programas Inform\u00e1ticos en Aulas y Laboratorios\u201d<\/em><\/strong> por\u00a0la Direcci\u00f3n de Investigaci\u00f3n y Desarrollo de la Universidad T\u00e9cnica de Ambato, Ecuador, Diciembre 2016.<\/span><\/p>\n<p><span style=\"color: #000000;\"><strong>2016<\/strong><\/span><\/p>\n<p style=\"text-align: justify;\"><span style=\"color: #000000;\">Proyecto de Investigaci\u00f3n de Desarrollo e Innovaci\u00f3n 2016-2019<strong style=\"font-weight: bold;\">:<em style=\"font-weight: inherit; font-style: italic; color: inherit;\">\u00a0<\/em><\/strong><strong style=\"font-weight: bold;\"><em style=\"font-weight: inherit; font-style: italic; color: inherit;\">\u201cPlanificaci\u00f3n y Optimizaci\u00f3n\u00a0de un Sistema Integral de Transporte Electrificado y Movilidad Sostenible en la Ciudad\u00a0de Ambato<\/em><em style=\"font-weight: inherit; font-style: italic; color: inherit;\">\u201d<\/em><\/strong>. Propuesta de investigaci\u00f3n aprobada por\u00a0la Direcci\u00f3n de Investigaci\u00f3n y Desarrollo de la Universidad T\u00e9cnica de Ambato, Ecuador, Junio\u00a02016.<\/span><\/p>\n<p><span style=\"color: #000000;\"><strong>2017<\/strong><\/span><\/p>\n<p style=\"text-align: justify;\"><span style=\"color: #000000;\">Proyecto de Investigaci\u00f3n de Desarrollo e Innovaci\u00f3n 2018-2019<strong>:<em>\u00a0<\/em><\/strong><strong><em>\u201cArquitectura IoT con Visi\u00f3n Artificial para Teleoperaci\u00f3n de un Brazo Manipulador Youbot KUKA<\/em><em>\u201d<\/em><\/strong>. Propuesta de investigaci\u00f3n aprobada por\u00a0la Direcci\u00f3n de Investigaci\u00f3n y Desarrollo de la Universidad T\u00e9cnica de Ambato, Ecuador, Junio\u00a02017.<\/span><\/p>\n<p><span style=\"color: #000000;\"><strong>2018<\/strong><\/span><\/p>\n<p style=\"text-align: justify;\"><span style=\"color: #000000;\">Proyecto de Investigaci\u00f3n de Desarrollo e Innovaci\u00f3n 2018-2020<strong>:<em>\u00a0<\/em><\/strong><strong><em>\u201cImplementaci\u00f3n de una Plataforma Cloud de Evaluaci\u00f3n de Recurso E\u00f3lico en Terreno Complejo y Predicci\u00f3n de Energ\u00eda, basado en un Enfoque H\u00edbrido<\/em><em>\u201d<\/em><\/strong>. Propuesta de investigaci\u00f3n aprobada por\u00a0la Direcci\u00f3n de Investigaci\u00f3n y Desarrollo de la Universidad T\u00e9cnica de Ambato, Ecuador, Febrero\u00a02018.<\/span><\/p>\n<p><span style=\"color: #000000;\">Asesor\u00eda T\u00e9cnica<strong>:<em>\u00a0<\/em><\/strong><strong><em>\u201c<\/em><em>Propuestas Renovables para la Transici\u00f3n Energ\u00e9tica en la Macro Regi\u00f3n Nor Oriental\u201d<\/em><\/strong> contratado por la Organizaci\u00f3n International Rivers, California, Estados Unidos de Am\u00e9rica, y Forum Solidaridad Per\u00fa, Marzo 2018.<\/span><\/p>\n<p><span style=\"color: #000000;\"><strong>2019<\/strong><\/span><\/p>\n<p style=\"text-align: justify;\"><span style=\"color: #000000;\">Asesor\u00eda T\u00e9cnica<strong>:<em>\u00a0<\/em><\/strong><strong><em>\u201c<\/em><em>Documento de Debate y Discusi\u00f3n sobre la Transici\u00f3n Energ\u00e9tica en el Per\u00fa\u201d<\/em><\/strong>, contratado por la Organizaci\u00f3n Movimiento Ciudadano contra Cambio Clim\u00e1tico, MOCICC, Agosto 2019.<\/span><\/p>\n<p><span style=\"color: #000000;\">Asesor\u00eda T\u00e9cnica<strong>:<em>\u00a0<\/em><\/strong><strong><em>\u201c<\/em><em>Insumo de Estudio sobre Energ\u00edas Renovables y F\u00f3siles, Desarrollo de la Estrategia Clim\u00e1tica del Gobierno del Territorio Aut\u00f3nomo de la Naci\u00f3n Wampis\u201d<\/em><\/strong>, contratado por el Centro de Pol\u00edticas y Derechos Humanos &#8211; Per\u00fa Equidad, Agosto 2019.<\/span><\/p>\n<p><span style=\"color: #000000;\">Asesor\u00eda T\u00e9cnica<strong>:<em>\u00a0<\/em><\/strong><strong><em>\u201c<\/em><em>Documento de Sustento T\u00e9cnico y Econ\u00f3mico para la Elaboraci\u00f3n de una Propuesta de Ley de Transici\u00f3n Energ\u00e9tica y Adaptaci\u00f3n al Cambio Clim\u00e1tico\u201d,<\/em><\/strong> contratado por la Organizaci\u00f3n Movimiento Ciudadano contra Cambio Clim\u00e1tico, MOCICC, Agosto 2019.<\/span><\/p>\n<p><span style=\"color: #000000;\"><strong>2020<\/strong><\/span><\/p>\n<p style=\"text-align: justify;\"><span style=\"color: #000000;\">Asesor\u00eda T\u00e9cnica<strong>:<em>\u00a0<\/em><\/strong><strong><em>\u201cEstudio de Factibilidad del Proyecto de la Central Solar Fotovoltaica \u201cP\u00e1jaro Bobo\u201d de 400 MW<\/em><em>\u201d<\/em><\/strong>, contratado por Bow Power Per\u00fa, Febrero 2020.<\/span><\/p>\n<p><span style=\"color: #000000;\">Asesor\u00eda T\u00e9cnica<strong>:<em>\u00a0<\/em><\/strong><strong><em>\u201cConsultor\u00eda para Determinar el Potencial de Inversiones y Proyectos que pueden Desarrollarse bajo el Modelo ESI en Per\u00fa, considerando Factores Tecnol\u00f3gicos y de Mercado<\/em><em>\u201d<\/em><\/strong>, contratado por el Banco Interamericano de Desarrollo, Mayo 2020.<\/span><\/p>\n<p><span style=\"color: #000000;\"><strong>2021<\/strong><\/span><\/p>\n<p style=\"text-align: justify;\"><span style=\"color: #000000;\">Asesor\u00eda T\u00e9cnica<strong>:<em>\u00a0<\/em><\/strong><strong><em>\u201cAcompa\u00f1amiento en Transici\u00f3n Energ\u00e9tica en el Escenario del Nuevo Gobierno del Per\u00fa<\/em><em>\u201d<\/em><\/strong>, contratado por Forum Solidaridad Per\u00fa, Septiembre 2021.<\/span><\/p>\n<p style=\"text-align: justify;\"><span style=\"color: #000000;\">\u00a0<\/span><\/p>\n<p><span style=\"color: #000000;\">\u00a0<\/span><\/p>\n<p><span style=\"color: #000000;\">\u00a0<\/span><\/p>\n\n\n<p><\/p>\n<!-- AddThis Advanced Settings generic via filter on the_content --><!-- AddThis Share Buttons generic via filter on the_content -->","protected":false},"excerpt":{"rendered":"<p>\u00a0 2004 Proyecto Nacional de Investigaci\u00f3n y Desarrollo 2004 &#8211; 2007: \u201cIntegraci\u00f3n de Sistemas de Generaci\u00f3n Distribuida no Programable en la Red El\u00e9ctrica Espa\u00f1ola (Aplicaci\u00f3n al Caso de los Parques E\u00f3licos)\u201d aprobado y financiado por el Ministerio de Ciencia y &hellip; <a href=\"https:\/\/albertorios.eu\/?page_id=2\">Sigue leyendo <span class=\"meta-nav\">&rarr;<\/span><\/a><!-- AddThis Advanced Settings generic via filter on wp_trim_excerpt --><!-- AddThis Share Buttons generic via filter on wp_trim_excerpt --><\/p>\n","protected":false},"author":1,"featured_media":0,"parent":0,"menu_order":0,"comment_status":"open","ping_status":"open","template":"","meta":{"footnotes":""},"class_list":["post-2","page","type-page","status-publish","hentry"],"_links":{"self":[{"href":"https:\/\/albertorios.eu\/index.php?rest_route=\/wp\/v2\/pages\/2","targetHints":{"allow":["GET"]}}],"collection":[{"href":"https:\/\/albertorios.eu\/index.php?rest_route=\/wp\/v2\/pages"}],"about":[{"href":"https:\/\/albertorios.eu\/index.php?rest_route=\/wp\/v2\/types\/page"}],"author":[{"embeddable":true,"href":"https:\/\/albertorios.eu\/index.php?rest_route=\/wp\/v2\/users\/1"}],"replies":[{"embeddable":true,"href":"https:\/\/albertorios.eu\/index.php?rest_route=%2Fwp%2Fv2%2Fcomments&post=2"}],"version-history":[{"count":45,"href":"https:\/\/albertorios.eu\/index.php?rest_route=\/wp\/v2\/pages\/2\/revisions"}],"predecessor-version":[{"id":3167,"href":"https:\/\/albertorios.eu\/index.php?rest_route=\/wp\/v2\/pages\/2\/revisions\/3167"}],"wp:attachment":[{"href":"https:\/\/albertorios.eu\/index.php?rest_route=%2Fwp%2Fv2%2Fmedia&parent=2"}],"curies":[{"name":"wp","href":"https:\/\/api.w.org\/{rel}","templated":true}]}}